{"id":933,"date":"2023-08-31T10:19:55","date_gmt":"2023-08-31T10:19:55","guid":{"rendered":"https:\/\/bavais-journey.com\/?page_id=933"},"modified":"2024-01-14T16:37:40","modified_gmt":"2024-01-14T16:37:40","slug":"categories","status":"publish","type":"page","link":"https:\/\/bavais-journey.com\/en\/categories\/","title":{"rendered":"Kategorien"},"content":{"rendered":"<p>Sch\u00f6n, dass du da bist \ud83d\ude42<br>Dieser Blog stellt meine pers\u00f6nliche Reise dar. Es gibt mehrere verschiedene Kategorien:<\/p>\n\n\n\n<p>&#8211; Travel<br>&#8211; Nature and Hiking<br>&#8211; Health and Diet<br>&#8211; Sustainability<br>&#8211; Finances<br>&#8211; Simple and Slow Life<br>&#8211; Celiac Disease (Z\u00f6liakie)<\/p>\n\n\n\n<p>Viele Posts oder Beitr\u00e4ge werden auch in mehreren Kategorien vertreten sein.<\/p>\n\n\n\n<p>Scroll gerne durch die Blogposts oder entscheide dich f\u00fcr eine Kategorie deines Interesses \ud83d\ude42<\/p>\n\n\n\n<div class=\"wp-block-media-text is-stacked-on-mobile\"><figure class=\"wp-block-media-text__media\"><img data-recalc-dims=\"1\" fetchpriority=\"high\" decoding=\"async\" width=\"640\" height=\"645\" src=\"https:\/\/i0.wp.com\/bavais-journey.com\/wp-content\/uploads\/2023\/06\/IMG_20230616_130329-scaled-e1693478355396-1016x1024.jpg?resize=640%2C645&#038;ssl=1\" alt=\"\" class=\"wp-image-615 size-full\" srcset=\"https:\/\/i0.wp.com\/bavais-journey.com\/wp-content\/uploads\/2023\/06\/IMG_20230616_130329-scaled-e1693478355396.jpg?resize=1016%2C1024&amp;ssl=1 1016w, https:\/\/i0.wp.com\/bavais-journey.com\/wp-content\/uploads\/2023\/06\/IMG_20230616_130329-scaled-e1693478355396.jpg?resize=298%2C300&amp;ssl=1 298w, https:\/\/i0.wp.com\/bavais-journey.com\/wp-content\/uploads\/2023\/06\/IMG_20230616_130329-scaled-e1693478355396.jpg?resize=150%2C150&amp;ssl=1 150w, https:\/\/i0.wp.com\/bavais-journey.com\/wp-content\/uploads\/2023\/06\/IMG_20230616_130329-scaled-e1693478355396.jpg?resize=768%2C774&amp;ssl=1 768w, https:\/\/i0.wp.com\/bavais-journey.com\/wp-content\/uploads\/2023\/06\/IMG_20230616_130329-scaled-e1693478355396.jpg?resize=300%2C302&amp;ssl=1 300w, https:\/\/i0.wp.com\/bavais-journey.com\/wp-content\/uploads\/2023\/06\/IMG_20230616_130329-scaled-e1693478355396.jpg?resize=850%2C856&amp;ssl=1 850w, https:\/\/i0.wp.com\/bavais-journey.com\/wp-content\/uploads\/2023\/06\/IMG_20230616_130329-scaled-e1693478355396.jpg?w=1177&amp;ssl=1 1177w\" sizes=\"(max-width: 640px) 100vw, 640px\" \/><\/figure><div class=\"wp-block-media-text__content\">\n<p><a href=\"https:\/\/bavais-journey.com\/en\/category\/travel\/\">Travel<\/a><\/p>\n<\/div><\/div>\n\n\n\n<div class=\"wp-block-media-text has-media-on-the-right is-stacked-on-mobile\"><div class=\"wp-block-media-text__content\">\n<p><a href=\"https:\/\/bavais-journey.com\/en\/category\/nature-and-hiking\/\">Nature and Hiking<\/a><\/p>\n<\/div><figure class=\"wp-block-media-text__media\"><img data-recalc-dims=\"1\" decoding=\"async\" width=\"640\" height=\"631\" src=\"https:\/\/i0.wp.com\/bavais-journey.com\/wp-content\/uploads\/2023\/06\/IMG_20230527_132018-scaled-e1693478630953-1024x1009.jpg?resize=640%2C631&#038;ssl=1\" alt=\"\" class=\"wp-image-529 size-full\" srcset=\"https:\/\/i0.wp.com\/bavais-journey.com\/wp-content\/uploads\/2023\/06\/IMG_20230527_132018-scaled-e1693478630953.jpg?resize=1024%2C1009&amp;ssl=1 1024w, https:\/\/i0.wp.com\/bavais-journey.com\/wp-content\/uploads\/2023\/06\/IMG_20230527_132018-scaled-e1693478630953.jpg?resize=300%2C296&amp;ssl=1 300w, https:\/\/i0.wp.com\/bavais-journey.com\/wp-content\/uploads\/2023\/06\/IMG_20230527_132018-scaled-e1693478630953.jpg?resize=768%2C757&amp;ssl=1 768w, https:\/\/i0.wp.com\/bavais-journey.com\/wp-content\/uploads\/2023\/06\/IMG_20230527_132018-scaled-e1693478630953.jpg?resize=850%2C838&amp;ssl=1 850w, https:\/\/i0.wp.com\/bavais-journey.com\/wp-content\/uploads\/2023\/06\/IMG_20230527_132018-scaled-e1693478630953.jpg?w=1194&amp;ssl=1 1194w\" sizes=\"(max-width: 640px) 100vw, 640px\" \/><\/figure><\/div>\n\n\n\n<div class=\"wp-block-media-text is-stacked-on-mobile\"><figure class=\"wp-block-media-text__media\"><img data-recalc-dims=\"1\" decoding=\"async\" width=\"640\" height=\"663\" src=\"https:\/\/i0.wp.com\/bavais-journey.com\/wp-content\/uploads\/2023\/06\/Screenshot_20230604_182217_com.huawei.himovie.overseas-e1693478579792-988x1024.jpg?resize=640%2C663&#038;ssl=1\" alt=\"\" class=\"wp-image-516 size-full\" srcset=\"https:\/\/i0.wp.com\/bavais-journey.com\/wp-content\/uploads\/2023\/06\/Screenshot_20230604_182217_com.huawei.himovie.overseas-e1693478579792.jpg?resize=988%2C1024&amp;ssl=1 988w, https:\/\/i0.wp.com\/bavais-journey.com\/wp-content\/uploads\/2023\/06\/Screenshot_20230604_182217_com.huawei.himovie.overseas-e1693478579792.jpg?resize=289%2C300&amp;ssl=1 289w, https:\/\/i0.wp.com\/bavais-journey.com\/wp-content\/uploads\/2023\/06\/Screenshot_20230604_182217_com.huawei.himovie.overseas-e1693478579792.jpg?resize=768%2C796&amp;ssl=1 768w, https:\/\/i0.wp.com\/bavais-journey.com\/wp-content\/uploads\/2023\/06\/Screenshot_20230604_182217_com.huawei.himovie.overseas-e1693478579792.jpg?resize=300%2C311&amp;ssl=1 300w, https:\/\/i0.wp.com\/bavais-journey.com\/wp-content\/uploads\/2023\/06\/Screenshot_20230604_182217_com.huawei.himovie.overseas-e1693478579792.jpg?resize=850%2C881&amp;ssl=1 850w, https:\/\/i0.wp.com\/bavais-journey.com\/wp-content\/uploads\/2023\/06\/Screenshot_20230604_182217_com.huawei.himovie.overseas-e1693478579792.jpg?w=1042&amp;ssl=1 1042w\" sizes=\"(max-width: 640px) 100vw, 640px\" \/><\/figure><div class=\"wp-block-media-text__content\">\n<p><a href=\"https:\/\/bavais-journey.com\/en\/category\/sustainability\/\">Sustainability<\/a><\/p>\n<\/div><\/div>\n\n\n\n<div class=\"wp-block-media-text has-media-on-the-right is-stacked-on-mobile\"><div class=\"wp-block-media-text__content\">\n<p><a href=\"https:\/\/bavais-journey.com\/en\/category\/health-and-diet\/\">Health and Diet<\/a><\/p>\n<\/div><figure class=\"wp-block-media-text__media\"><img data-recalc-dims=\"1\" loading=\"lazy\" decoding=\"async\" width=\"640\" height=\"644\" src=\"https:\/\/i0.wp.com\/bavais-journey.com\/wp-content\/uploads\/2023\/05\/IMG_20220329_181350-2.jpg?resize=640%2C644&#038;ssl=1\" alt=\"\" class=\"wp-image-466 size-full\" srcset=\"https:\/\/i0.wp.com\/bavais-journey.com\/wp-content\/uploads\/2023\/05\/IMG_20220329_181350-2-scaled.jpg?resize=1017%2C1024&amp;ssl=1 1017w, https:\/\/i0.wp.com\/bavais-journey.com\/wp-content\/uploads\/2023\/05\/IMG_20220329_181350-2-scaled.jpg?resize=298%2C300&amp;ssl=1 298w, https:\/\/i0.wp.com\/bavais-journey.com\/wp-content\/uploads\/2023\/05\/IMG_20220329_181350-2-scaled.jpg?resize=150%2C150&amp;ssl=1 150w, https:\/\/i0.wp.com\/bavais-journey.com\/wp-content\/uploads\/2023\/05\/IMG_20220329_181350-2-scaled.jpg?resize=768%2C773&amp;ssl=1 768w, https:\/\/i0.wp.com\/bavais-journey.com\/wp-content\/uploads\/2023\/05\/IMG_20220329_181350-2-scaled.jpg?resize=1526%2C1536&amp;ssl=1 1526w, https:\/\/i0.wp.com\/bavais-journey.com\/wp-content\/uploads\/2023\/05\/IMG_20220329_181350-2-scaled.jpg?resize=2035%2C2048&amp;ssl=1 2035w, https:\/\/i0.wp.com\/bavais-journey.com\/wp-content\/uploads\/2023\/05\/IMG_20220329_181350-2-scaled.jpg?resize=600%2C604&amp;ssl=1 600w, https:\/\/i0.wp.com\/bavais-journey.com\/wp-content\/uploads\/2023\/05\/IMG_20220329_181350-2-scaled.jpg?w=1280&amp;ssl=1 1280w, https:\/\/i0.wp.com\/bavais-journey.com\/wp-content\/uploads\/2023\/05\/IMG_20220329_181350-2-scaled.jpg?w=1920&amp;ssl=1 1920w\" sizes=\"(max-width: 640px) 100vw, 640px\" \/><\/figure><\/div>\n\n\n\n<div class=\"wp-block-media-text is-stacked-on-mobile\"><figure class=\"wp-block-media-text__media\"><img data-recalc-dims=\"1\" loading=\"lazy\" decoding=\"async\" width=\"640\" height=\"640\" src=\"https:\/\/i0.wp.com\/bavais-journey.com\/wp-content\/uploads\/2023\/09\/pexels-nappy-935979-e1693582358987-1024x1024.jpg?resize=640%2C640&#038;ssl=1\" alt=\"\" class=\"wp-image-985 size-full\" srcset=\"https:\/\/i0.wp.com\/bavais-journey.com\/wp-content\/uploads\/2023\/09\/pexels-nappy-935979-e1693582358987.jpg?resize=1024%2C1024&amp;ssl=1 1024w, https:\/\/i0.wp.com\/bavais-journey.com\/wp-content\/uploads\/2023\/09\/pexels-nappy-935979-e1693582358987.jpg?resize=300%2C300&amp;ssl=1 300w, https:\/\/i0.wp.com\/bavais-journey.com\/wp-content\/uploads\/2023\/09\/pexels-nappy-935979-e1693582358987.jpg?resize=150%2C150&amp;ssl=1 150w, https:\/\/i0.wp.com\/bavais-journey.com\/wp-content\/uploads\/2023\/09\/pexels-nappy-935979-e1693582358987.jpg?resize=768%2C768&amp;ssl=1 768w, https:\/\/i0.wp.com\/bavais-journey.com\/wp-content\/uploads\/2023\/09\/pexels-nappy-935979-e1693582358987.jpg?resize=850%2C850&amp;ssl=1 850w, https:\/\/i0.wp.com\/bavais-journey.com\/wp-content\/uploads\/2023\/09\/pexels-nappy-935979-e1693582358987.jpg?w=1375&amp;ssl=1 1375w, https:\/\/i0.wp.com\/bavais-journey.com\/wp-content\/uploads\/2023\/09\/pexels-nappy-935979-e1693582358987.jpg?w=1280&amp;ssl=1 1280w\" sizes=\"(max-width: 640px) 100vw, 640px\" \/><\/figure><div class=\"wp-block-media-text__content\">\n<p><a href=\"https:\/\/bavais-journey.com\/en\/category\/finances\/\">Finances<\/a><\/p>\n<\/div><\/div>\n\n\n\n<div class=\"wp-block-media-text has-media-on-the-right is-stacked-on-mobile\"><div class=\"wp-block-media-text__content\">\n<p><a href=\"https:\/\/bavais-journey.com\/en\/category\/simple-and-slow-life\/\">Simple and Slow Life<\/a><\/p>\n<\/div><figure class=\"wp-block-media-text__media\"><img data-recalc-dims=\"1\" loading=\"lazy\" decoding=\"async\" width=\"640\" height=\"640\" src=\"https:\/\/i0.wp.com\/bavais-journey.com\/wp-content\/uploads\/2023\/09\/IMG_20231005_115005-scaled-e1697709058377-1024x1024.jpg?resize=640%2C640&#038;ssl=1\" alt=\"\" class=\"wp-image-1064 size-full\" srcset=\"https:\/\/i0.wp.com\/bavais-journey.com\/wp-content\/uploads\/2023\/09\/IMG_20231005_115005-scaled-e1697709058377.jpg?resize=1024%2C1024&amp;ssl=1 1024w, https:\/\/i0.wp.com\/bavais-journey.com\/wp-content\/uploads\/2023\/09\/IMG_20231005_115005-scaled-e1697709058377.jpg?resize=300%2C300&amp;ssl=1 300w, https:\/\/i0.wp.com\/bavais-journey.com\/wp-content\/uploads\/2023\/09\/IMG_20231005_115005-scaled-e1697709058377.jpg?resize=150%2C150&amp;ssl=1 150w, https:\/\/i0.wp.com\/bavais-journey.com\/wp-content\/uploads\/2023\/09\/IMG_20231005_115005-scaled-e1697709058377.jpg?resize=768%2C768&amp;ssl=1 768w, https:\/\/i0.wp.com\/bavais-journey.com\/wp-content\/uploads\/2023\/09\/IMG_20231005_115005-scaled-e1697709058377.jpg?resize=850%2C850&amp;ssl=1 850w, https:\/\/i0.wp.com\/bavais-journey.com\/wp-content\/uploads\/2023\/09\/IMG_20231005_115005-scaled-e1697709058377.jpg?w=1181&amp;ssl=1 1181w\" sizes=\"(max-width: 640px) 100vw, 640px\" \/><\/figure><\/div>\n\n\n\n<div class=\"wp-block-media-text is-stacked-on-mobile\"><figure class=\"wp-block-media-text__media\"><img data-recalc-dims=\"1\" loading=\"lazy\" decoding=\"async\" width=\"640\" height=\"640\" src=\"https:\/\/i0.wp.com\/bavais-journey.com\/wp-content\/uploads\/2024\/01\/IMG_20240114_173001.jpg?resize=640%2C640&#038;ssl=1\" alt=\"\" class=\"wp-image-1118 size-full\" srcset=\"https:\/\/i0.wp.com\/bavais-journey.com\/wp-content\/uploads\/2024\/01\/IMG_20240114_173001.jpg?resize=1024%2C1024&amp;ssl=1 1024w, https:\/\/i0.wp.com\/bavais-journey.com\/wp-content\/uploads\/2024\/01\/IMG_20240114_173001.jpg?resize=300%2C300&amp;ssl=1 300w, https:\/\/i0.wp.com\/bavais-journey.com\/wp-content\/uploads\/2024\/01\/IMG_20240114_173001.jpg?resize=150%2C150&amp;ssl=1 150w, https:\/\/i0.wp.com\/bavais-journey.com\/wp-content\/uploads\/2024\/01\/IMG_20240114_173001.jpg?resize=768%2C768&amp;ssl=1 768w, https:\/\/i0.wp.com\/bavais-journey.com\/wp-content\/uploads\/2024\/01\/IMG_20240114_173001.jpg?resize=1536%2C1536&amp;ssl=1 1536w, https:\/\/i0.wp.com\/bavais-journey.com\/wp-content\/uploads\/2024\/01\/IMG_20240114_173001.jpg?resize=12%2C12&amp;ssl=1 12w, https:\/\/i0.wp.com\/bavais-journey.com\/wp-content\/uploads\/2024\/01\/IMG_20240114_173001.jpg?resize=850%2C849&amp;ssl=1 850w, https:\/\/i0.wp.com\/bavais-journey.com\/wp-content\/uploads\/2024\/01\/IMG_20240114_173001.jpg?w=1676&amp;ssl=1 1676w, https:\/\/i0.wp.com\/bavais-journey.com\/wp-content\/uploads\/2024\/01\/IMG_20240114_173001.jpg?w=1280&amp;ssl=1 1280w\" sizes=\"(max-width: 640px) 100vw, 640px\" \/><\/figure><div class=\"wp-block-media-text__content\">\n<p><a href=\"https:\/\/bavais-journey.com\/en\/category\/celiac-disease\/\">Celiac Disease (Z\u00f6liakie)<\/a><\/p>\n<\/div><\/div>","protected":false},"excerpt":{"rendered":"<p>Sch\u00f6n, dass du da bist \ud83d\ude42Dieser Blog stellt meine pers\u00f6nliche Reise dar. Es gibt mehrere verschiedene Kategorien: &#8211; Travel&#8211; Nature and Hiking&#8211; Health and Diet&#8211; Sustainability&#8211; Finances&#8211; Simple and Slow Life&#8211; Celiac Disease (Z\u00f6liakie) Viele Posts oder Beitr\u00e4ge werden auch in mehreren Kategorien vertreten sein. Scroll gerne durch die Blogposts oder entscheide dich f\u00fcr eine&#8230;<\/p>","protected":false},"author":1,"featured_media":0,"parent":0,"menu_order":0,"comment_status":"closed","ping_status":"closed","template":"","meta":{"om_disable_all_campaigns":false,"_monsterinsights_skip_tracking":false,"_monsterinsights_sitenote_active":false,"_monsterinsights_sitenote_note":"","_monsterinsights_sitenote_category":0,"_uf_show_specific_survey":0,"_uf_disable_surveys":false,"footnotes":""},"class_list":["post-933","page","type-page","status-publish","hentry"],"yoast_head":"<!-- This site is optimized with the Yoast SEO plugin v27.4 - https:\/\/yoast.com\/product\/yoast-seo-wordpress\/ -->\n<title>Kategorien - bavai&#039;s journey<\/title>\n<meta name=\"description\" content=\"You can find these categories in this blog: Travelling, Nature and Hiking, Health and Diet, Sustainability and Finances.\" \/>\n<meta name=\"robots\" content=\"index, follow, max-snippet:-1, max-image-preview:large, max-video-preview:-1\" \/>\n<link rel=\"canonical\" href=\"https:\/\/bavais-journey.com\/en\/categories\/\" \/>\n<meta property=\"og:locale\" content=\"en_US\" \/>\n<meta property=\"og:type\" content=\"article\" \/>\n<meta property=\"og:title\" content=\"Kategorien - bavai&#039;s journey\" \/>\n<meta property=\"og:description\" content=\"You can find these categories in this blog: Travelling, Nature and Hiking, Health and Diet, Sustainability and Finances.\" \/>\n<meta property=\"og:url\" content=\"https:\/\/bavais-journey.com\/en\/categories\/\" \/>\n<meta property=\"og:site_name\" content=\"bavai&#039;s journey\" \/>\n<meta property=\"article:modified_time\" content=\"2024-01-14T16:37:40+00:00\" \/>\n<meta property=\"og:image\" content=\"https:\/\/bavais-journey.com\/wp-content\/uploads\/2023\/06\/IMG_20230616_130329-scaled-e1693478355396-1016x1024.jpg\" \/>\n<meta name=\"twitter:card\" content=\"summary_large_image\" \/>\n<meta name=\"twitter:label1\" content=\"Est. reading time\" \/>\n\t<meta name=\"twitter:data1\" content=\"2 minutes\" \/>\n<script type=\"application\/ld+json\" class=\"yoast-schema-graph\">{\"@context\":\"https:\\\/\\\/schema.org\",\"@graph\":[{\"@type\":\"WebPage\",\"@id\":\"https:\\\/\\\/bavais-journey.com\\\/categories\\\/\",\"url\":\"https:\\\/\\\/bavais-journey.com\\\/categories\\\/\",\"name\":\"Kategorien - bavai's journey\",\"isPartOf\":{\"@id\":\"https:\\\/\\\/bavais-journey.com\\\/#website\"},\"primaryImageOfPage\":{\"@id\":\"https:\\\/\\\/bavais-journey.com\\\/categories\\\/#primaryimage\"},\"image\":{\"@id\":\"https:\\\/\\\/bavais-journey.com\\\/categories\\\/#primaryimage\"},\"thumbnailUrl\":\"https:\\\/\\\/bavais-journey.com\\\/wp-content\\\/uploads\\\/2023\\\/06\\\/IMG_20230616_130329-scaled-e1693478355396-1016x1024.jpg\",\"datePublished\":\"2023-08-31T10:19:55+00:00\",\"dateModified\":\"2024-01-14T16:37:40+00:00\",\"description\":\"You can find these categories in this blog: Travelling, Nature and Hiking, Health and Diet, Sustainability and Finances.\",\"breadcrumb\":{\"@id\":\"https:\\\/\\\/bavais-journey.com\\\/categories\\\/#breadcrumb\"},\"inLanguage\":\"en-US\",\"potentialAction\":[{\"@type\":\"ReadAction\",\"target\":[\"https:\\\/\\\/bavais-journey.com\\\/categories\\\/\"]}]},{\"@type\":\"ImageObject\",\"inLanguage\":\"en-US\",\"@id\":\"https:\\\/\\\/bavais-journey.com\\\/categories\\\/#primaryimage\",\"url\":\"https:\\\/\\\/bavais-journey.com\\\/wp-content\\\/uploads\\\/2023\\\/06\\\/IMG_20230616_130329-scaled-e1693478355396-1016x1024.jpg\",\"contentUrl\":\"https:\\\/\\\/bavais-journey.com\\\/wp-content\\\/uploads\\\/2023\\\/06\\\/IMG_20230616_130329-scaled-e1693478355396-1016x1024.jpg\"},{\"@type\":\"BreadcrumbList\",\"@id\":\"https:\\\/\\\/bavais-journey.com\\\/categories\\\/#breadcrumb\",\"itemListElement\":[{\"@type\":\"ListItem\",\"position\":1,\"name\":\"Home\",\"item\":\"https:\\\/\\\/bavais-journey.com\\\/\"},{\"@type\":\"ListItem\",\"position\":2,\"name\":\"Kategorien\"}]},{\"@type\":\"WebSite\",\"@id\":\"https:\\\/\\\/bavais-journey.com\\\/#website\",\"url\":\"https:\\\/\\\/bavais-journey.com\\\/\",\"name\":\"bavai's journey\",\"description\":\"Simple life. Slow life.\",\"publisher\":{\"@id\":\"https:\\\/\\\/bavais-journey.com\\\/#organization\"},\"potentialAction\":[{\"@type\":\"SearchAction\",\"target\":{\"@type\":\"EntryPoint\",\"urlTemplate\":\"https:\\\/\\\/bavais-journey.com\\\/?s={search_term_string}\"},\"query-input\":{\"@type\":\"PropertyValueSpecification\",\"valueRequired\":true,\"valueName\":\"search_term_string\"}}],\"inLanguage\":\"en-US\"},{\"@type\":\"Organization\",\"@id\":\"https:\\\/\\\/bavais-journey.com\\\/#organization\",\"name\":\"bavai's journey\",\"url\":\"https:\\\/\\\/bavais-journey.com\\\/\",\"logo\":{\"@type\":\"ImageObject\",\"inLanguage\":\"en-US\",\"@id\":\"https:\\\/\\\/bavais-journey.com\\\/#\\\/schema\\\/logo\\\/image\\\/\",\"url\":\"https:\\\/\\\/i0.wp.com\\\/bavais-journey.com\\\/wp-content\\\/uploads\\\/2023\\\/08\\\/cropped-cropped-l.png?fit=950%2C549&ssl=1\",\"contentUrl\":\"https:\\\/\\\/i0.wp.com\\\/bavais-journey.com\\\/wp-content\\\/uploads\\\/2023\\\/08\\\/cropped-cropped-l.png?fit=950%2C549&ssl=1\",\"width\":950,\"height\":549,\"caption\":\"bavai's journey\"},\"image\":{\"@id\":\"https:\\\/\\\/bavais-journey.com\\\/#\\\/schema\\\/logo\\\/image\\\/\"}}]}<\/script>\n<!-- \/ Yoast SEO plugin. -->","yoast_head_json":{"title":"Kategorien - bavai's journey","description":"You can find these categories in this blog: Travelling, Nature and Hiking, Health and Diet, Sustainability and Finances.","robots":{"index":"index","follow":"follow","max-snippet":"max-snippet:-1","max-image-preview":"max-image-preview:large","max-video-preview":"max-video-preview:-1"},"canonical":"https:\/\/bavais-journey.com\/en\/categories\/","og_locale":"en_US","og_type":"article","og_title":"Kategorien - bavai's journey","og_description":"You can find these categories in this blog: Travelling, Nature and Hiking, Health and Diet, Sustainability and Finances.","og_url":"https:\/\/bavais-journey.com\/en\/categories\/","og_site_name":"bavai's journey","article_modified_time":"2024-01-14T16:37:40+00:00","og_image":[{"url":"https:\/\/bavais-journey.com\/wp-content\/uploads\/2023\/06\/IMG_20230616_130329-scaled-e1693478355396-1016x1024.jpg","type":"","width":"","height":""}],"twitter_card":"summary_large_image","twitter_misc":{"Est. reading time":"2 minutes"},"schema":{"@context":"https:\/\/schema.org","@graph":[{"@type":"WebPage","@id":"https:\/\/bavais-journey.com\/categories\/","url":"https:\/\/bavais-journey.com\/categories\/","name":"Kategorien - bavai's journey","isPartOf":{"@id":"https:\/\/bavais-journey.com\/#website"},"primaryImageOfPage":{"@id":"https:\/\/bavais-journey.com\/categories\/#primaryimage"},"image":{"@id":"https:\/\/bavais-journey.com\/categories\/#primaryimage"},"thumbnailUrl":"https:\/\/bavais-journey.com\/wp-content\/uploads\/2023\/06\/IMG_20230616_130329-scaled-e1693478355396-1016x1024.jpg","datePublished":"2023-08-31T10:19:55+00:00","dateModified":"2024-01-14T16:37:40+00:00","description":"You can find these categories in this blog: Travelling, Nature and Hiking, Health and Diet, Sustainability and Finances.","breadcrumb":{"@id":"https:\/\/bavais-journey.com\/categories\/#breadcrumb"},"inLanguage":"en-US","potentialAction":[{"@type":"ReadAction","target":["https:\/\/bavais-journey.com\/categories\/"]}]},{"@type":"ImageObject","inLanguage":"en-US","@id":"https:\/\/bavais-journey.com\/categories\/#primaryimage","url":"https:\/\/bavais-journey.com\/wp-content\/uploads\/2023\/06\/IMG_20230616_130329-scaled-e1693478355396-1016x1024.jpg","contentUrl":"https:\/\/bavais-journey.com\/wp-content\/uploads\/2023\/06\/IMG_20230616_130329-scaled-e1693478355396-1016x1024.jpg"},{"@type":"BreadcrumbList","@id":"https:\/\/bavais-journey.com\/categories\/#breadcrumb","itemListElement":[{"@type":"ListItem","position":1,"name":"Home","item":"https:\/\/bavais-journey.com\/"},{"@type":"ListItem","position":2,"name":"Kategorien"}]},{"@type":"WebSite","@id":"https:\/\/bavais-journey.com\/#website","url":"https:\/\/bavais-journey.com\/","name":"bavai's journey","description":"Simple life. Slow life.","publisher":{"@id":"https:\/\/bavais-journey.com\/#organization"},"potentialAction":[{"@type":"SearchAction","target":{"@type":"EntryPoint","urlTemplate":"https:\/\/bavais-journey.com\/?s={search_term_string}"},"query-input":{"@type":"PropertyValueSpecification","valueRequired":true,"valueName":"search_term_string"}}],"inLanguage":"en-US"},{"@type":"Organization","@id":"https:\/\/bavais-journey.com\/#organization","name":"bavai's journey","url":"https:\/\/bavais-journey.com\/","logo":{"@type":"ImageObject","inLanguage":"en-US","@id":"https:\/\/bavais-journey.com\/#\/schema\/logo\/image\/","url":"https:\/\/i0.wp.com\/bavais-journey.com\/wp-content\/uploads\/2023\/08\/cropped-cropped-l.png?fit=950%2C549&ssl=1","contentUrl":"https:\/\/i0.wp.com\/bavais-journey.com\/wp-content\/uploads\/2023\/08\/cropped-cropped-l.png?fit=950%2C549&ssl=1","width":950,"height":549,"caption":"bavai's journey"},"image":{"@id":"https:\/\/bavais-journey.com\/#\/schema\/logo\/image\/"}}]}},"jetpack_sharing_enabled":true,"_links":{"self":[{"href":"https:\/\/bavais-journey.com\/en\/wp-json\/wp\/v2\/pages\/933","targetHints":{"allow":["GET"]}}],"collection":[{"href":"https:\/\/bavais-journey.com\/en\/wp-json\/wp\/v2\/pages"}],"about":[{"href":"https:\/\/bavais-journey.com\/en\/wp-json\/wp\/v2\/types\/page"}],"author":[{"embeddable":true,"href":"https:\/\/bavais-journey.com\/en\/wp-json\/wp\/v2\/users\/1"}],"replies":[{"embeddable":true,"href":"https:\/\/bavais-journey.com\/en\/wp-json\/wp\/v2\/comments?post=933"}],"version-history":[{"count":11,"href":"https:\/\/bavais-journey.com\/en\/wp-json\/wp\/v2\/pages\/933\/revisions"}],"predecessor-version":[{"id":1121,"href":"https:\/\/bavais-journey.com\/en\/wp-json\/wp\/v2\/pages\/933\/revisions\/1121"}],"wp:attachment":[{"href":"https:\/\/bavais-journey.com\/en\/wp-json\/wp\/v2\/media?parent=933"}],"curies":[{"name":"wp","href":"https:\/\/api.w.org\/{rel}","templated":true}]}}